{"id":2319,"date":"2019-06-13T23:21:59","date_gmt":"2019-06-13T21:21:59","guid":{"rendered":"https:\/\/tanjaundmarc.com\/?page_id=2319"},"modified":"2020-01-18T15:15:44","modified_gmt":"2020-01-18T13:15:44","slug":"aa_impressum","status":"publish","type":"page","link":"https:\/\/tanjaundmarc.com\/?page_id=2319","title":{"rendered":"AA_Impressum"},"content":{"rendered":"\n\n\n<!-- section -->\n<section  class=\"wed_section_inner wed_image_bck    \"  >\n  \n\t\n\n    <div class=\"container \">\n  \n\t\n\t\n\t\n\t<div class=\"fw-row\">\n\t\n\n\n\n\n\n<div class=\"fw-col-xs-12   wed_image_bck   wed_col\"  >\n\t\n\t\n\t    \n        <div class=\"  \">\t\n\t\t\n\n<div class=\"text_block\">\n<h4>Impressum<\/h4><p>Es handelt sich bei tanjaundmarc.com um eine rein private Webseite, welche sich an einen eingeschr\u00e4nkten Benutzerkreis richtet. Die aufgef\u00fchrten Angaben zum Impressum sowie der Datenschutzerkl\u00e4rung werden freiwillig in diesem Umfang abgegeben.<\/p><h5>Angaben gem\u00e4\u00df \u00a7 5 TMG<\/h5><p>Marc Schmitz<br \/>In den Obstg\u00e4rten<br \/>63075Offenbach<\/p><h5>Kontakt<\/h5><p>E-Mail: hochzeit@tanjaundmarc.com<\/p><h5>Verantwortlich f\u00fcr den Inhalt nach \u00a7 55 Abs. 2 RStV<\/h5><p>Marc Schmitz<br \/>In den Obstg\u00e4rten<br \/>63075Offenbach<\/p><h5>Haftung f\u00fcr Inhalte<\/h5><p>Als Diensteanbieter sind wir gem\u00e4\u00df \u00a7 7 Abs.1 TMG f\u00fcr eigene Inhalte auf diesen Seiten nach den allgemeinen Gesetzen verantwortlich. Nach \u00a7\u00a7 8 bis 10 TMG sind wir als Diensteanbieter jedoch nicht verpflichtet, \u00fcbermittelte oder gespeicherte fremde Informationen zu \u00fcberwachen oder nach Umst\u00e4nden zu forschen, die auf eine rechtswidrige T\u00e4tigkeit hinweisen.<\/p><p>Verpflichtungen zur Entfernung oder Sperrung der Nutzung von Informationen nach den allgemeinen Gesetzen bleiben hiervon unber\u00fchrt. Eine diesbez\u00fcgliche Haftung ist jedoch erst ab dem Zeitpunkt der Kenntnis einer konkreten Rechtsverletzung m\u00f6glich. Bei Bekanntwerden von entsprechenden Rechtsverletzungen werden wir diese Inhalte umgehend entfernen.<\/p><h5>Haftung f\u00fcr Links<\/h5><p>Unser Angebot enth\u00e4lt Links zu externen Websites Dritter, auf deren Inhalte wir keinen Einfluss haben. Deshalb k\u00f6nnen wir f\u00fcr diese fremden Inhalte auch keine Gew\u00e4hr \u00fcbernehmen. F\u00fcr die Inhalte der verlinkten Seiten ist stets der jeweilige Anbieter oder Betreiber der Seiten verantwortlich. Die verlinkten Seiten wurden zum Zeitpunkt der Verlinkung auf m\u00f6gliche Rechtsverst\u00f6\u00dfe \u00fcberpr\u00fcft. Rechtswidrige Inhalte waren zum Zeitpunkt der Verlinkung nicht erkennbar.<\/p><p>Eine permanente inhaltliche Kontrolle der verlinkten Seiten ist jedoch ohne konkrete Anhaltspunkte einer Rechtsverletzung nicht zumutbar. Bei Bekanntwerden von Rechtsverletzungen werden wir derartige Links umgehend entfernen.<\/p><h5>Urheberrecht<\/h5><p>Die durch die Seitenbetreiber erstellten Inhalte und Werke auf diesen Seiten unterliegen dem deutschen Urheberrecht. Die Vervielf\u00e4ltigung, Bearbeitung, Verbreitung und jede Art der Verwertung au\u00dferhalb der Grenzen des Urheberrechtes bed\u00fcrfen der schriftlichen Zustimmung des jeweiligen Autors bzw. Erstellers. Downloads und Kopien dieser Seite sind nur f\u00fcr den privaten, nicht kommerziellen Gebrauch gestattet.<\/p><p>Soweit die Inhalte auf dieser Seite nicht vom Betreiber erstellt wurden, werden die Urheberrechte Dritter beachtet. Insbesondere werden Inhalte Dritter als solche gekennzeichnet. Sollten Sie trotzdem auf eine Urheberrechtsverletzung aufmerksam werden, bitten wir um einen entsprechenden Hinweis. Bei Bekanntwerden von Rechtsverletzungen werden wir derartige Inhalte umgehend entfernen.<\/p><p>Quelle: <a href=\"https:\/\/www.e-recht24.de\/impressum-generator.html\">https:\/\/www.e-recht24.de\/impressum-generator.html<\/a><\/p><h4>Quellangaben f\u00fcr verwendete Grafiken\/Bilder:<\/h4><p>Icons made by <a title=\"Vectors Market\" href=\"https:\/\/www.flaticon.com\/authors\/vectors-market\">Vectors Market<\/a> from <a title=\"Flaticon\" href=\"https:\/\/www.flaticon.com\/\">www.flaticon.com<\/a> is licensed by <a title=\"Creative Commons BY 3.0\" href=\"http:\/\/creativecommons.org\/licenses\/by\/3.0\/\" target=\"_blank\" rel=\"noopener\">CC 3.0 BY<\/a><br \/>Icons made by <a title=\"Freepik\" href=\"https:\/\/www.freepik.com\/\">Freepik<\/a> from <a title=\"Flaticon\" href=\"https:\/\/www.flaticon.com\/\">www.flaticon.com<\/a> is licensed by <a title=\"Creative Commons BY 3.0\" href=\"http:\/\/creativecommons.org\/licenses\/by\/3.0\/\" target=\"_blank\" rel=\"noopener\">CC 3.0 BY<\/a><\/p><p>Shutterstock f\u00fcr florale Elemente und Tipps in der Region, sofern nachfolgend keine andere Quelle genannt ist.<\/p><p>Neroberg Image by Marketing wiesbaden.de<br \/>Opel Zoo Image by opelzoo.de<\/p><p>&nbsp;<\/p><\/div>    <\/div>\n        \n\t\n<\/div>\n<\/div>\n\n      \n  <\/div>          \n  <!-- container end -->\n<\/section>\n<!-- section end -->\n\n\n","protected":false},"excerpt":{"rendered":"<p>ImpressumEs handelt sich bei tanjaundmarc.com um eine rein private Webseite, welche sich an einen eingeschr\u00e4nkten Benutzerkreis richtet. Die aufgef\u00fchrten Angaben zum Impressum sowie der Datenschutzerkl\u00e4rung werden freiwillig in diesem Umfang abgegeben.Angaben gem\u00e4\u00df \u00a7 5 TMGMarc SchmitzIn den Obstg\u00e4rten63075OffenbachKontaktE-Mail: hochzeit@tanjaundmarc.comVerantwortlich f\u00fcr den Inhalt nach \u00a7 55 Abs. 2 RStVMarc SchmitzIn den Obstg\u00e4rten63075OffenbachHaftung f\u00fcr InhalteAls Diensteanbieter sind [&hellip;]<\/p>\n","protected":false},"author":1,"featured_media":0,"parent":0,"menu_order":0,"comment_status":"closed","ping_status":"closed","template":"template-one-page.php","meta":[],"_links":{"self":[{"href":"https:\/\/tanjaundmarc.com\/index.php?rest_route=\/wp\/v2\/pages\/2319"}],"collection":[{"href":"https:\/\/tanjaundmarc.com\/index.php?rest_route=\/wp\/v2\/pages"}],"about":[{"href":"https:\/\/tanjaundmarc.com\/index.php?rest_route=\/wp\/v2\/types\/page"}],"author":[{"embeddable":true,"href":"https:\/\/tanjaundmarc.com\/index.php?rest_route=\/wp\/v2\/users\/1"}],"replies":[{"embeddable":true,"href":"https:\/\/tanjaundmarc.com\/index.php?rest_route=%2Fwp%2Fv2%2Fcomments&post=2319"}],"version-history":[{"count":6,"href":"https:\/\/tanjaundmarc.com\/index.php?rest_route=\/wp\/v2\/pages\/2319\/revisions"}],"predecessor-version":[{"id":2582,"href":"https:\/\/tanjaundmarc.com\/index.php?rest_route=\/wp\/v2\/pages\/2319\/revisions\/2582"}],"wp:attachment":[{"href":"https:\/\/tanjaundmarc.com\/index.php?rest_route=%2Fwp%2Fv2%2Fmedia&parent=2319"}],"curies":[{"name":"wp","href":"https:\/\/api.w.org\/{rel}","templated":true}]}}