{"id":2406,"date":"2020-01-16T23:32:11","date_gmt":"2020-01-16T21:32:11","guid":{"rendered":"https:\/\/tanjaundmarc.com\/?page_id=2406"},"modified":"2020-01-19T22:45:29","modified_gmt":"2020-01-19T20:45:29","slug":"aa_kontakt","status":"publish","type":"page","link":"https:\/\/tanjaundmarc.com\/?page_id=2406","title":{"rendered":"AA_Kontakt"},"content":{"rendered":"<p>\n\n\n<!-- section -->\n<section id=\"groom-contact\" class=\"wed_section_inner wed_image_bck    wed_section_sml_padding\"  >\n  \n\t\n\n    <div class=\"container \">\n  \n\t\n\t\n\t\n\t<div class=\"fw-row\">\n\t\n\n\n\n\n\n<div class=\"fw-col-xs-12   wed_image_bck   wed_col\"  >\n\t\n\t\n\t    \n        <div class=\"  \">\t\n\t\t\n\n<div class=\"text_block\">\n<h4>Fragen und kreative Ideen<\/h4><p>Bei Fragen und kreativen Ideen, wendet euch bitte vertrauensvoll an unsere Zeremonienmeisterin oder unsere Trauzeugen:<\/p><\/div>    <\/div>\n        \n\t\n<\/div>\n<\/div>\n\n<div class=\"fw-row\">\n\t\n\n\n\n\n\n<div class=\"fw-col-xs-12 fw-col-sm-6   wed_image_bck   wed_col\"  >\n\t\n\t\n\t    \n        <div class=\"  \">\t\n\t\t\n\n<div class=\"text_block\">\n<h5>Carina Maikranz<\/h5><p>(Zeremonienmeisterin)<\/p><p>E-Mail: <a href=\"mailto:info@carinashochzeitsplanung.de?subject=R\u00fcckfrage zur Hochzeit von Tanja und Marc\"> info@carinashochzeitsplanung.de<\/a><\/p><\/div>    <\/div>\n        \n\t\n<\/div>\n\n\n\n\n\n\n<div class=\"fw-col-xs-12 fw-col-sm-6   wed_image_bck   wed_col\"  >\n\t\n\t\n\t    \n        <div class=\"  \">\t\n\t\t\n\n<div class=\"text_block\">\n<h5>Simone Nizam<\/h5><p>(Trauzeugin)<\/p><p>E-Mail: <a href=\"mailto:simone@tanjaundmarc.com?subject=R\u00fcckfrage zur Hochzeit von Tanja und Marc\"> simone@tanjaundmarc.com<\/a><\/p><h5>Matthias K\u00f6ppke<\/h5><p>(Trauzeuge)<\/p><p>E-Mail: <a href=\"mailto:matthias@tanjaundmarc.com?subject=R\u00fcckfrage zur Hochzeit von Tanja und Marc\"> matthias@tanjaundmarc.com<\/a><\/p><\/div>    <\/div>\n        \n\t\n<\/div>\n<\/div>\n\n      \n  <\/div>          \n  <!-- container end -->\n<\/section>\n<!-- section end -->\n\n\n\n\n<!-- section -->\n<section  class=\"wed_section_inner wed_image_bck    wed_section_sml_padding\"  >\n  \n\t\n\n    <div class=\"container \">\n  \n\t\n\t\n\t\n\t<div class=\"fw-row\">\n\t\n\n\n\n\n\n<div class=\"fw-col-xs-12   wed_image_bck   wed_col\"  >\n\t\n\t\n\t    \n        <div class=\"  \">\t\n\t\t\n\n<div class=\"text_block\">\n<h4>Gl\u00fcckw\u00fcnsche und Briefpost<\/h4><p>Gl\u00fcckw\u00fcnsche und Briefpost erreichen uns auch gerne direkt. Und f\u00fcr den unwahrscheinlichen Fall, dass euch weder unsere Zeremonienmeisterin noch unsere Trauzeugen weiterhelfen konnten, d\u00fcrft ihr uns nat\u00fcrlich auch direkt zu unserer Feier ansprechen.<\/p><h5>Tanja &amp; Marc Schmitz<\/h5><p>In den Obstg\u00e4rten 18<br \/>63075 Offenbach am Main<\/p><p>E-Mail: <a href=\"mailto:hochzeit@tanjaundmarc.com\"> hochzeit@tanjaundmarc.com<\/a><\/p><\/div>    <\/div>\n        \n\t\n<\/div>\n<\/div>\n\n      \n  <\/div>          \n  <!-- container end -->\n<\/section>\n<!-- section end -->\n\n<\/p>\n","protected":false},"excerpt":{"rendered":"<p>Fragen und kreative IdeenBei Fragen und kreativen Ideen, wendet euch bitte vertrauensvoll an unsere Zeremonienmeisterin oder unsere Trauzeugen: Carina Maikranz(Zeremonienmeisterin)E-Mail: info@carinashochzeitsplanung.de Simone Nizam(Trauzeugin)E-Mail: simone@tanjaundmarc.comMatthias K\u00f6ppke(Trauzeuge)E-Mail: matthias@tanjaundmarc.com Gl\u00fcckw\u00fcnsche und BriefpostGl\u00fcckw\u00fcnsche und Briefpost erreichen uns auch gerne direkt. Und f\u00fcr den unwahrscheinlichen Fall, dass euch weder unsere Zeremonienmeisterin noch unsere Trauzeugen weiterhelfen konnten, d\u00fcrft ihr uns nat\u00fcrlich [&hellip;]<\/p>\n","protected":false},"author":1,"featured_media":0,"parent":0,"menu_order":0,"comment_status":"closed","ping_status":"closed","template":"template-one-page.php","meta":[],"_links":{"self":[{"href":"https:\/\/tanjaundmarc.com\/index.php?rest_route=\/wp\/v2\/pages\/2406"}],"collection":[{"href":"https:\/\/tanjaundmarc.com\/index.php?rest_route=\/wp\/v2\/pages"}],"about":[{"href":"https:\/\/tanjaundmarc.com\/index.php?rest_route=\/wp\/v2\/types\/page"}],"author":[{"embeddable":true,"href":"https:\/\/tanjaundmarc.com\/index.php?rest_route=\/wp\/v2\/users\/1"}],"replies":[{"embeddable":true,"href":"https:\/\/tanjaundmarc.com\/index.php?rest_route=%2Fwp%2Fv2%2Fcomments&post=2406"}],"version-history":[{"count":31,"href":"https:\/\/tanjaundmarc.com\/index.php?rest_route=\/wp\/v2\/pages\/2406\/revisions"}],"predecessor-version":[{"id":2607,"href":"https:\/\/tanjaundmarc.com\/index.php?rest_route=\/wp\/v2\/pages\/2406\/revisions\/2607"}],"wp:attachment":[{"href":"https:\/\/tanjaundmarc.com\/index.php?rest_route=%2Fwp%2Fv2%2Fmedia&parent=2406"}],"curies":[{"name":"wp","href":"https:\/\/api.w.org\/{rel}","templated":true}]}}