{"id":2520,"date":"2020-01-18T10:45:16","date_gmt":"2020-01-18T08:45:16","guid":{"rendered":"https:\/\/tanjaundmarc.com\/?page_id=2520"},"modified":"2020-01-19T23:44:36","modified_gmt":"2020-01-19T21:44:36","slug":"aa_location","status":"publish","type":"page","link":"https:\/\/tanjaundmarc.com\/?page_id=2520","title":{"rendered":"AA_Location"},"content":{"rendered":"<p>\n\n\n<!-- section -->\n<section  class=\"wed_section_inner wed_image_bck    wed_section_sml_padding\"  >\n  \n\t\n\n    <div class=\"container text-center\">\n  \n\t\n\t\n\t\n\t<div class=\"fw-row\">\n\t\n\n\n\n\n\n<div class=\"fw-col-xs-12 fw-col-sm-6 wed_push_none  wed_image_bck text-left  wed_col\"  >\n\t\n\t\n\t    \n        <div class=\"  \">\t\n\t\t\n\n<div class=\"text_block\">\n<h3><a href=\"https:\/\/www.hofgut-georgenthal.de\/\" target=\"_blank\" rel=\"noopener\">Hofgut Georgenthal<\/a><\/h3><p>Georgenthal 1, 65329 Hohenstein<br \/>Tel.: +49 (0) 6128 943-0<\/p><p>Traulocation und Unterkunft an einem Ort. Bequemer geht es nicht. Und das inmitten des Taunus, in einer idyllischen Umgebung.<\/p><p>Wir haben f\u00fcr euch ein Hochzeitskontingent an Zimmern, welches ihr euch bitte direkt im Hotel selber einbuchen lasst.<br \/><strong>Stichwort: \"Hochzeit Schmitz\"<\/strong><\/p><p><a href=\"https:\/\/www.hofgut-georgenthal.de\/anfahrt\/\" target=\"_blank\" rel=\"noopener\"><img class=\"alignnone wp-image-2451 size-full\" src=\"https:\/\/tanjaundmarc.com\/wp-content\/uploads\/2020\/01\/google_16.png\" alt=\"\" width=\"24\" height=\"24\" \/><\/a><\/p><\/div>    <\/div>\n        \n\t\n<\/div>\n\n\n\n\n\n\n<div class=\"fw-col-xs-12 fw-col-sm-6 wed_push_none  wed_image_bck   wed_col\"  >\n\t\n\t\n\t\t<iframe width=\"100%\" height=\"100%\" src=\"https:\/\/www.youtube.com\/embed\/ed1qH6ZmJNU\" frameborder=\"0\" allowfullscreen><\/iframe>\n      \n        \n\t\n<\/div>\n<\/div>\n\n<div class=\"fw-row\">\n\t\n\n\n\n\n\n<div class=\"fw-col-xs-12   wed_image_bck   wed_col\"  >\n\t\n\t\n\t    \n        <div class=\"  \">\t\n\t\t\n\n<div class=\"text_block\">\n<p style=\"text-align: right;\">Quelle: <a href=\"https:\/\/www.hofgut-georgenthal.de\/\" target=\"_blank\" rel=\"noopener\">hofgut-georgenthal.de<\/a><\/p><\/div>    <\/div>\n        \n\t\n<\/div>\n<\/div>\n\n      \n  <\/div>          \n  <!-- container end -->\n<\/section>\n<!-- section end -->\n\n\n\n\n<!-- section -->\n<section  class=\"wed_section_inner wed_image_bck  wed_fixed  wed_section_sml_padding\"  data-stellar-background-ratio=\"0.2\">\n  \n\t\n\n    <div class=\"container text-center\">\n  \n\t\t\t\t<!-- Title -->\n\t\t\t<h2 class=\"wed_section_title\">Tipps f\u00fcr die Region<\/h2>\n\t\n\t\n\t\n\t<div class=\"fw-row\">\n\t\n\n\n\n\n\n<div class=\"fw-col-xs-12   wed_image_bck   wed_col\"  >\n\t\n\t\n\t    \n        <div class=\"  \">\t\n\t\t\n\n<div class=\"text_block\">\n<p>Neben unserer Feier, hat die Umgebung nat\u00fcrlich noch einiges mehr zu bieten und ist immer einen Besucht wert. Wer den Aufenthalt verl\u00e4ngern oder den Sonntag einfach noch f\u00fcr einen kleinen Ausflug nutzen m\u00f6chte, f\u00fcr den haben wir hier ein paar lohnenswerte Sehensw\u00fcrdigkeiten und Ausflugsziele zusammengestellt.<\/p><\/div>    <\/div>\n        \n\t\n<\/div>\n<\/div>\n\n<div class=\"fw-row\">\n\t\n\n\n\n\n\n<div class=\"fw-col-xs-12   wed_image_bck   wed_col\"  >\n\t\n\t\n\t    \n        <div class=\"  \">\t\n\t\t\n<!-- boxes -->\n<div class=\"wed_icon_boxes text-center\">\n\n\n       \n        <!-- item -->\n        <div class=\"wed_icon_box wed_test_cont\">\n            <div class=\"col-md-4\">\n                <!-- Pop-up -->\n                <div class=\"wed_testimonials\">\n                    <h4><b>Opel Zoo<\/b><\/h4>\n                    <p>Erholung und Bildung<\/p>\n                    <div class=\"wed_item_social\">\n                                                <a href=\"https:\/\/www.opel-zoo.de\/\"><i class=\"fa fa-globe\"><\/i><\/a>\n                        \n                    <\/div>\n                <\/div>\n\n                <!-- photo -->\n                <div class=\"wed_icon_box_photo_testimonials\">\n                    <img src=\"https:\/\/tanjaundmarc.com\/wp-content\/uploads\/2020\/01\/opelzoo-750x648.png\" alt=\"Opel Zoo\">\n                <\/div>\n\n                <!-- titles -->\n                <h4 class=\"wed_test_name\"><b>Opel Zoo<\/b><\/h4>\n                <p>Ein Erlebnis f\u00fcr gro\u00df und klein<\/p>\n            <\/div>\n        <\/div> \n       \n        <!-- item -->\n        <div class=\"wed_icon_box wed_test_cont\">\n            <div class=\"col-md-4\">\n                <!-- Pop-up -->\n                <div class=\"wed_testimonials\">\n                    <h4><b>Hofgut Georgenthal<\/b><\/h4>\n                    <p>Das Golfparadies im Taunus<\/p>\n                    <div class=\"wed_item_social\">\n                                                <a href=\"https:\/\/www.hofgut-georgenthal.de\/golf\/\"><i class=\"fa fa-globe\"><\/i><\/a>\n                        \n                    <\/div>\n                <\/div>\n\n                <!-- photo -->\n                <div class=\"wed_icon_box_photo_testimonials\">\n                    <img src=\"https:\/\/tanjaundmarc.com\/wp-content\/uploads\/2020\/01\/golf-750x558.png\" alt=\"Hofgut Georgenthal\">\n                <\/div>\n\n                <!-- titles -->\n                <h4 class=\"wed_test_name\"><b>Hofgut Georgenthal<\/b><\/h4>\n                <p>Golf Schnupperkurs<\/p>\n            <\/div>\n        <\/div> \n       \n        <!-- item -->\n        <div class=\"wed_icon_box wed_test_cont\">\n            <div class=\"col-md-4\">\n                <!-- Pop-up -->\n                <div class=\"wed_testimonials\">\n                    <h4><b>Neroberg Wiesbaden<\/b><\/h4>\n                    <p>Freizeitaktivit\u00e4t trifft auf Kultur<\/p>\n                    <div class=\"wed_item_social\">\n                                                <a href=\"https:\/\/www.entdecke-wiesbaden.de\/der-neroberg\/\"><i class=\"fa fa-globe\"><\/i><\/a>\n                        \n                    <\/div>\n                <\/div>\n\n                <!-- photo -->\n                <div class=\"wed_icon_box_photo_testimonials\">\n                    <img src=\"https:\/\/tanjaundmarc.com\/wp-content\/uploads\/2020\/01\/neroberg-750x571.png\" alt=\"Neroberg Wiesbaden\">\n                <\/div>\n\n                <!-- titles -->\n                <h4 class=\"wed_test_name\"><b>Neroberg Wiesbaden<\/b><\/h4>\n                <p>Beste Aussichten<\/p>\n            <\/div>\n        <\/div> \n          \n<\/div>\n<!-- boxes end -->\n    <\/div>\n        \n\t\n<\/div>\n<\/div>\n\n      \n  <\/div>          \n  <!-- container end -->\n<\/section>\n<!-- section end -->\n\n<\/p>\n","protected":false},"excerpt":{"rendered":"<p>Hofgut GeorgenthalGeorgenthal 1, 65329 HohensteinTel.: +49 (0) 6128 943-0Traulocation und Unterkunft an einem Ort. Bequemer geht es nicht. Und das inmitten des Taunus, in einer idyllischen Umgebung.Wir haben f\u00fcr euch ein Hochzeitskontingent an Zimmern, welches ihr euch bitte direkt im Hotel selber einbuchen lasst.Stichwort: &#8220;Hochzeit Schmitz&#8221; Quelle: hofgut-georgenthal.de Tipps f\u00fcr die Region Neben unserer Feier, [&hellip;]<\/p>\n","protected":false},"author":1,"featured_media":0,"parent":0,"menu_order":0,"comment_status":"closed","ping_status":"closed","template":"template-one-page.php","meta":[],"_links":{"self":[{"href":"https:\/\/tanjaundmarc.com\/index.php?rest_route=\/wp\/v2\/pages\/2520"}],"collection":[{"href":"https:\/\/tanjaundmarc.com\/index.php?rest_route=\/wp\/v2\/pages"}],"about":[{"href":"https:\/\/tanjaundmarc.com\/index.php?rest_route=\/wp\/v2\/types\/page"}],"author":[{"embeddable":true,"href":"https:\/\/tanjaundmarc.com\/index.php?rest_route=\/wp\/v2\/users\/1"}],"replies":[{"embeddable":true,"href":"https:\/\/tanjaundmarc.com\/index.php?rest_route=%2Fwp%2Fv2%2Fcomments&post=2520"}],"version-history":[{"count":40,"href":"https:\/\/tanjaundmarc.com\/index.php?rest_route=\/wp\/v2\/pages\/2520\/revisions"}],"predecessor-version":[{"id":2611,"href":"https:\/\/tanjaundmarc.com\/index.php?rest_route=\/wp\/v2\/pages\/2520\/revisions\/2611"}],"wp:attachment":[{"href":"https:\/\/tanjaundmarc.com\/index.php?rest_route=%2Fwp%2Fv2%2Fmedia&parent=2520"}],"curies":[{"name":"wp","href":"https:\/\/api.w.org\/{rel}","templated":true}]}}